{"id":8839,"date":"2025-12-09T11:25:44","date_gmt":"2025-12-09T11:25:44","guid":{"rendered":"https:\/\/ekoreklam.com\/product\/eyfel-kulesi\/"},"modified":"2025-12-09T11:25:44","modified_gmt":"2025-12-09T11:25:44","slug":"eyfel-kulesi","status":"publish","type":"product","link":"https:\/\/ekoreklam.com\/tr\/urun\/eyfel-kulesi\/","title":{"rendered":"Eyfel Kulesi"},"content":{"rendered":"","protected":false},"excerpt":{"rendered":"<p><strong>\u00dcR\u00dcN \u00d6ZELL\u0130KLER\u0130<\/strong><\/p>\n<table class=\"table table-striped\">\n<tbody>\n<tr>\n<td>\u00dcRET\u0130M<\/td>\n<td>T\u00dcRK\u0130YE&#8217;DE \u00dcRET\u0130LM\u0130\u015eT\u0130R<\/td>\n<\/tr>\n<tr>\n<td>M\u0130N\u0130MUM S\u0130PAR\u0130\u015e M\u0130KTARI<\/td>\n<td>ADET VE KATLARI<\/td>\n<\/tr>\n<tr>\n<td>\u00d6ZEL BASKI<\/td>\n<td>MEVCUTTUR<\/td>\n<\/tr>\n<tr>\n<td>BOYUT SE\u00c7ENEKLER\u0130<\/td>\n<td>TALEP \u00dcZER\u0130NE MEVCUTTUR<\/td>\n<\/tr>\n<tr>\n<td>BASKI<\/td>\n<td>UV BASKI<\/td>\n<\/tr>\n<\/tbody>\n<\/table>\n","protected":false},"featured_media":8075,"template":"","meta":{"om_disable_all_campaigns":false,"site-sidebar-layout":"default","site-content-layout":"","ast-site-content-layout":"default","site-content-style":"default","site-sidebar-style":"default","ast-global-header-display":"","ast-banner-title-visibility":"","ast-main-header-display":"","ast-hfb-above-header-display":"","ast-hfb-below-header-display":"","ast-hfb-mobile-header-display":"","site-post-title":"","ast-breadcrumbs-content":"","ast-featured-img":"","footer-sml-layout":"","theme-transparent-header-meta":"default","adv-header-id-meta":"","stick-header-meta":"","header-above-stick-meta":"","header-main-stick-meta":"","header-below-stick-meta":"","astra-migrate-meta-layouts":"default","ast-page-background-enabled":"default","ast-page-background-meta":{"desktop":{"background-color":"","background-image":"","background-repeat":"repeat","background-position":"center center","background-size":"auto","background-attachment":"scroll","background-type":"","background-media":"","overlay-type":"","overlay-color":"","overlay-opacity":"","overlay-gradient":""},"tablet":{"background-color":"","background-image":"","background-repeat":"repeat","background-position":"center center","background-size":"auto","background-attachment":"scroll","background-type":"","background-media":"","overlay-type":"","overlay-color":"","overlay-opacity":"","overlay-gradient":""},"mobile":{"background-color":"","background-image":"","background-repeat":"repeat","background-position":"center center","background-size":"auto","background-attachment":"scroll","background-type":"","background-media":"","overlay-type":"","overlay-color":"","overlay-opacity":"","overlay-gradient":""}},"ast-content-background-meta":{"desktop":{"background-color":"var(--ast-global-color-5)","background-image":"","background-repeat":"repeat","background-position":"center center","background-size":"auto","background-attachment":"scroll","background-type":"","background-media":"","overlay-type":"","overlay-color":"","overlay-opacity":"","overlay-gradient":""},"tablet":{"background-color":"var(--ast-global-color-5)","background-image":"","background-repeat":"repeat","background-position":"center center","background-size":"auto","background-attachment":"scroll","background-type":"","background-media":"","overlay-type":"","overlay-color":"","overlay-opacity":"","overlay-gradient":""},"mobile":{"background-color":"var(--ast-global-color-5)","background-image":"","background-repeat":"repeat","background-position":"center center","background-size":"auto","background-attachment":"scroll","background-type":"","background-media":"","overlay-type":"","overlay-color":"","overlay-opacity":"","overlay-gradient":""}}},"product_brand":[],"product_cat":[118],"product_tag":[],"class_list":{"0":"post-8839","1":"product","2":"type-product","3":"status-publish","4":"has-post-thumbnail","6":"product_cat-cam-portreler","7":"desktop-align-left","8":"tablet-align-left","9":"mobile-align-left","11":"first","12":"instock","13":"shipping-taxable","14":"product-type-simple"},"_links":{"self":[{"href":"https:\/\/ekoreklam.com\/tr\/wp-json\/wp\/v2\/product\/8839","targetHints":{"allow":["GET"]}}],"collection":[{"href":"https:\/\/ekoreklam.com\/tr\/wp-json\/wp\/v2\/product"}],"about":[{"href":"https:\/\/ekoreklam.com\/tr\/wp-json\/wp\/v2\/types\/product"}],"version-history":[{"count":0,"href":"https:\/\/ekoreklam.com\/tr\/wp-json\/wp\/v2\/product\/8839\/revisions"}],"wp:featuredmedia":[{"embeddable":true,"href":"https:\/\/ekoreklam.com\/tr\/wp-json\/wp\/v2\/media\/8075"}],"wp:attachment":[{"href":"https:\/\/ekoreklam.com\/tr\/wp-json\/wp\/v2\/media?parent=8839"}],"wp:term":[{"taxonomy":"product_brand","embeddable":true,"href":"https:\/\/ekoreklam.com\/tr\/wp-json\/wp\/v2\/product_brand?post=8839"},{"taxonomy":"product_cat","embeddable":true,"href":"https:\/\/ekoreklam.com\/tr\/wp-json\/wp\/v2\/product_cat?post=8839"},{"taxonomy":"product_tag","embeddable":true,"href":"https:\/\/ekoreklam.com\/tr\/wp-json\/wp\/v2\/product_tag?post=8839"}],"curies":[{"name":"wp","href":"https:\/\/api.w.org\/{rel}","templated":true}]}}