{"id":7241,"date":"2025-09-17T10:00:56","date_gmt":"2025-09-17T10:00:56","guid":{"rendered":"https:\/\/ekoreklam.com\/product\/geri-donusturulebilir-kalem\/"},"modified":"2025-10-01T10:43:37","modified_gmt":"2025-10-01T10:43:37","slug":"geri-donusturulebilir-kalem","status":"publish","type":"product","link":"https:\/\/ekoreklam.com\/tr\/urun\/geri-donusturulebilir-kalem\/","title":{"rendered":"Geri D\u00f6n\u00fc\u015ft\u00fcr\u00fclebilir Kalem"},"content":{"rendered":"","protected":false},"excerpt":{"rendered":"<p><strong>\u00dcR\u00dcN \u00d6ZELL\u0130KLER\u0130<\/strong><\/p>\n<table class=\"table table-striped\">\n<tbody>\n<tr>\n<td>BASKI<\/td>\n<td>TAMPON-UV<\/td>\n<\/tr>\n<tr>\n<td>MEKAN\u0130ZMA<\/td>\n<td>BASMALI MEKAN\u0130ZMA<\/td>\n<\/tr>\n<tr>\n<td>\u00dcRET\u0130M<\/td>\n<td>T\u00dcRK\u0130YE&#8217;DE \u00dcRET\u0130LM\u0130\u015eT\u0130R<\/td>\n<\/tr>\n<tr>\n<td>M\u0130N\u0130MUM S\u0130PAR\u0130\u015e ADED\u0130<\/td>\n<td>100 ADET VE KATLARI<\/td>\n<\/tr>\n<\/tbody>\n<\/table>\n","protected":false},"featured_media":7243,"template":"elementor_theme","meta":{"om_disable_all_campaigns":false,"site-sidebar-layout":"default","site-content-layout":"","ast-site-content-layout":"default","site-content-style":"default","site-sidebar-style":"default","ast-global-header-display":"","ast-banner-title-visibility":"","ast-main-header-display":"","ast-hfb-above-header-display":"","ast-hfb-below-header-display":"","ast-hfb-mobile-header-display":"","site-post-title":"","ast-breadcrumbs-content":"","ast-featured-img":"","footer-sml-layout":"","theme-transparent-header-meta":"default","adv-header-id-meta":"","stick-header-meta":"","header-above-stick-meta":"","header-main-stick-meta":"","header-below-stick-meta":"","astra-migrate-meta-layouts":"set","ast-page-background-enabled":"default","ast-page-background-meta":{"desktop":{"background-color":"","background-image":"","background-repeat":"repeat","background-position":"center center","background-size":"auto","background-attachment":"scroll","background-type":"","background-media":"","overlay-type":"","overlay-color":"","overlay-opacity":"","overlay-gradient":""},"tablet":{"background-color":"","background-image":"","background-repeat":"repeat","background-position":"center center","background-size":"auto","background-attachment":"scroll","background-type":"","background-media":"","overlay-type":"","overlay-color":"","overlay-opacity":"","overlay-gradient":""},"mobile":{"background-color":"","background-image":"","background-repeat":"repeat","background-position":"center center","background-size":"auto","background-attachment":"scroll","background-type":"","background-media":"","overlay-type":"","overlay-color":"","overlay-opacity":"","overlay-gradient":""}},"ast-content-background-meta":{"desktop":{"background-color":"var(--ast-global-color-5)","background-image":"","background-repeat":"repeat","background-position":"center center","background-size":"auto","background-attachment":"scroll","background-type":"","background-media":"","overlay-type":"","overlay-color":"","overlay-opacity":"","overlay-gradient":""},"tablet":{"background-color":"var(--ast-global-color-5)","background-image":"","background-repeat":"repeat","background-position":"center center","background-size":"auto","background-attachment":"scroll","background-type":"","background-media":"","overlay-type":"","overlay-color":"","overlay-opacity":"","overlay-gradient":""},"mobile":{"background-color":"var(--ast-global-color-5)","background-image":"","background-repeat":"repeat","background-position":"center center","background-size":"auto","background-attachment":"scroll","background-type":"","background-media":"","overlay-type":"","overlay-color":"","overlay-opacity":"","overlay-gradient":""}}},"product_brand":[],"product_cat":[152],"product_tag":[],"class_list":{"0":"post-7241","1":"product","2":"type-product","3":"status-publish","4":"has-post-thumbnail","6":"product_cat-kalem-ve-kursun-kalem","7":"desktop-align-left","8":"tablet-align-left","9":"mobile-align-left","11":"first","12":"instock","13":"shipping-taxable","14":"product-type-simple"},"_links":{"self":[{"href":"https:\/\/ekoreklam.com\/tr\/wp-json\/wp\/v2\/product\/7241","targetHints":{"allow":["GET"]}}],"collection":[{"href":"https:\/\/ekoreklam.com\/tr\/wp-json\/wp\/v2\/product"}],"about":[{"href":"https:\/\/ekoreklam.com\/tr\/wp-json\/wp\/v2\/types\/product"}],"version-history":[{"count":1,"href":"https:\/\/ekoreklam.com\/tr\/wp-json\/wp\/v2\/product\/7241\/revisions"}],"predecessor-version":[{"id":7246,"href":"https:\/\/ekoreklam.com\/tr\/wp-json\/wp\/v2\/product\/7241\/revisions\/7246"}],"wp:featuredmedia":[{"embeddable":true,"href":"https:\/\/ekoreklam.com\/tr\/wp-json\/wp\/v2\/media\/7243"}],"wp:attachment":[{"href":"https:\/\/ekoreklam.com\/tr\/wp-json\/wp\/v2\/media?parent=7241"}],"wp:term":[{"taxonomy":"product_brand","embeddable":true,"href":"https:\/\/ekoreklam.com\/tr\/wp-json\/wp\/v2\/product_brand?post=7241"},{"taxonomy":"product_cat","embeddable":true,"href":"https:\/\/ekoreklam.com\/tr\/wp-json\/wp\/v2\/product_cat?post=7241"},{"taxonomy":"product_tag","embeddable":true,"href":"https:\/\/ekoreklam.com\/tr\/wp-json\/wp\/v2\/product_tag?post=7241"}],"curies":[{"name":"wp","href":"https:\/\/api.w.org\/{rel}","templated":true}]}}