{"id":6665,"date":"2025-09-17T12:29:59","date_gmt":"2025-09-17T12:29:59","guid":{"rendered":"https:\/\/ekoreklam.com\/product\/ikili-kalem-setleri\/"},"modified":"2025-10-01T10:26:29","modified_gmt":"2025-10-01T10:26:29","slug":"ikili-kalem-setleri","status":"publish","type":"product","link":"https:\/\/ekoreklam.com\/tr\/urun\/ikili-kalem-setleri\/","title":{"rendered":"\u0130kili Kalem Setleri"},"content":{"rendered":"","protected":false},"excerpt":{"rendered":"<p><strong>\u00dcR\u00dcN \u00d6ZELL\u0130KLER\u0130<\/strong><\/p>\n<table class=\"table table-striped\">\n<tbody>\n<tr>\n<td>KULLANIM<\/td>\n<td>ESNEKL\u0130K<\/td>\n<\/tr>\n<tr>\n<td>TASARIM<\/td>\n<td>TA\u015eINAB \u0130L\u0130R VE YEN\u0130DEN KULLANILAB\u0130L\u0130R<\/td>\n<\/tr>\n<tr>\n<td>BASKI<\/td>\n<td>LAZER<\/td>\n<\/tr>\n<tr>\n<td>D\u00dcZEN<\/td>\n<td>\u00d6ZELLE\u015eT\u0130R\u0130LEB\u0130L\u0130R<\/td>\n<\/tr>\n<tr>\n<td>\u00dcRET\u0130M<\/td>\n<td>T\u00dcRK\u0130YE&#8217;DE \u00dcRET\u0130LM\u0130\u015eT\u0130R<\/td>\n<\/tr>\n<tr>\n<td>M\u0130N\u0130MUM S\u0130PAR\u0130\u015e M\u0130KTARI<\/td>\n<td>S\u0130PAR\u0130\u015e L\u0130M\u0130T\u0130 YOK<\/td>\n<\/tr>\n<\/tbody>\n<\/table>\n","protected":false},"featured_media":6666,"template":"elementor_theme","meta":{"om_disable_all_campaigns":false,"site-sidebar-layout":"default","site-content-layout":"","ast-site-content-layout":"default","site-content-style":"default","site-sidebar-style":"default","ast-global-header-display":"","ast-banner-title-visibility":"","ast-main-header-display":"","ast-hfb-above-header-display":"","ast-hfb-below-header-display":"","ast-hfb-mobile-header-display":"","site-post-title":"","ast-breadcrumbs-content":"","ast-featured-img":"","footer-sml-layout":"","theme-transparent-header-meta":"default","adv-header-id-meta":"","stick-header-meta":"","header-above-stick-meta":"","header-main-stick-meta":"","header-below-stick-meta":"","astra-migrate-meta-layouts":"set","ast-page-background-enabled":"default","ast-page-background-meta":{"desktop":{"background-color":"","background-image":"","background-repeat":"repeat","background-position":"center center","background-size":"auto","background-attachment":"scroll","background-type":"","background-media":"","overlay-type":"","overlay-color":"","overlay-opacity":"","overlay-gradient":""},"tablet":{"background-color":"","background-image":"","background-repeat":"repeat","background-position":"center center","background-size":"auto","background-attachment":"scroll","background-type":"","background-media":"","overlay-type":"","overlay-color":"","overlay-opacity":"","overlay-gradient":""},"mobile":{"background-color":"","background-image":"","background-repeat":"repeat","background-position":"center center","background-size":"auto","background-attachment":"scroll","background-type":"","background-media":"","overlay-type":"","overlay-color":"","overlay-opacity":"","overlay-gradient":""}},"ast-content-background-meta":{"desktop":{"background-color":"var(--ast-global-color-5)","background-image":"","background-repeat":"repeat","background-position":"center center","background-size":"auto","background-attachment":"scroll","background-type":"","background-media":"","overlay-type":"","overlay-color":"","overlay-opacity":"","overlay-gradient":""},"tablet":{"background-color":"var(--ast-global-color-5)","background-image":"","background-repeat":"repeat","background-position":"center center","background-size":"auto","background-attachment":"scroll","background-type":"","background-media":"","overlay-type":"","overlay-color":"","overlay-opacity":"","overlay-gradient":""},"mobile":{"background-color":"var(--ast-global-color-5)","background-image":"","background-repeat":"repeat","background-position":"center center","background-size":"auto","background-attachment":"scroll","background-type":"","background-media":"","overlay-type":"","overlay-color":"","overlay-opacity":"","overlay-gradient":""}}},"product_brand":[],"product_cat":[149],"product_tag":[],"class_list":{"0":"post-6665","1":"product","2":"type-product","3":"status-publish","4":"has-post-thumbnail","6":"product_cat-kalem-setleri","7":"desktop-align-left","8":"tablet-align-left","9":"mobile-align-left","11":"first","12":"instock","13":"featured","14":"shipping-taxable","15":"product-type-simple"},"_links":{"self":[{"href":"https:\/\/ekoreklam.com\/tr\/wp-json\/wp\/v2\/product\/6665","targetHints":{"allow":["GET"]}}],"collection":[{"href":"https:\/\/ekoreklam.com\/tr\/wp-json\/wp\/v2\/product"}],"about":[{"href":"https:\/\/ekoreklam.com\/tr\/wp-json\/wp\/v2\/types\/product"}],"version-history":[{"count":1,"href":"https:\/\/ekoreklam.com\/tr\/wp-json\/wp\/v2\/product\/6665\/revisions"}],"predecessor-version":[{"id":6677,"href":"https:\/\/ekoreklam.com\/tr\/wp-json\/wp\/v2\/product\/6665\/revisions\/6677"}],"wp:featuredmedia":[{"embeddable":true,"href":"https:\/\/ekoreklam.com\/tr\/wp-json\/wp\/v2\/media\/6666"}],"wp:attachment":[{"href":"https:\/\/ekoreklam.com\/tr\/wp-json\/wp\/v2\/media?parent=6665"}],"wp:term":[{"taxonomy":"product_brand","embeddable":true,"href":"https:\/\/ekoreklam.com\/tr\/wp-json\/wp\/v2\/product_brand?post=6665"},{"taxonomy":"product_cat","embeddable":true,"href":"https:\/\/ekoreklam.com\/tr\/wp-json\/wp\/v2\/product_cat?post=6665"},{"taxonomy":"product_tag","embeddable":true,"href":"https:\/\/ekoreklam.com\/tr\/wp-json\/wp\/v2\/product_tag?post=6665"}],"curies":[{"name":"wp","href":"https:\/\/api.w.org\/{rel}","templated":true}]}}