{"id":8002,"date":"2025-12-09T07:45:18","date_gmt":"2025-12-09T07:45:18","guid":{"rendered":"https:\/\/ekoreklam.com\/mesafeli-satis-sozlesmesi\/"},"modified":"2025-12-09T08:18:28","modified_gmt":"2025-12-09T08:18:28","slug":"mesafeli-satis-sozlesmesi","status":"publish","type":"page","link":"https:\/\/ekoreklam.com\/tr\/mesafeli-satis-sozlesmesi\/","title":{"rendered":"Mesafeli Sat\u0131\u015f S\u00f6zle\u015fmesi"},"content":{"rendered":"\t\t<div data-elementor-type=\"wp-page\" data-elementor-id=\"8002\" class=\"elementor elementor-8002 elementor-7990\">\n\t\t\t\t<div class=\"elementor-element elementor-element-30e8425 e-flex e-con-boxed e-con e-parent\" data-id=\"30e8425\" data-element_type=\"container\">\n\t\t\t\t\t<div class=\"e-con-inner\">\n\t\t\t\t<div class=\"elementor-element elementor-element-87baa80 elementor-widget elementor-widget-text-editor\" data-id=\"87baa80\" data-element_type=\"widget\" data-widget_type=\"text-editor.default\">\n\t\t\t\t<div class=\"elementor-widget-container\">\n\t\t\t\t\t\t\t\t\t<ol class=\"wp-block-list\"><li>Taraflar:<\/li><\/ol><p>-SATICI: <strong> <\/strong>Yasin Dincer &#8211; EkoReklam, SIRAKAPILAR MAH, PROF. DR. N.H. F\u0130\u015eEK SK., 3B MERKEZEFEND\u0130, DEN\u0130ZL\u0130 &#8211; 20040, 0 555 515 91 63, info@ekoreklam.com <\/p><p>Bundan sonra SATICI olarak an\u0131lacakt\u0131r.<\/p><p>-ALICI: <strong> <\/strong>\u0130sim-Soyisim, T.C Kimlik Numaras\u0131, Adres, Telefon, E-posta<\/p><p>Bundan sonra ALICI olarak an\u0131lacakt\u0131r.<\/p><ol class=\"wp-block-list\" start=\"2\"><li>\u0130\u015fbu anla\u015fman\u0131n esas\u0131n\u0131 olu\u015fturan, al\u0131c\u0131n\u0131n, sat\u0131c\u0131ya ait www.ekoreklam.com internet sitesinde ger\u00e7ekle\u015ftirdi\u011fi elektronik ortamda sipari\u015fi kapsayan, a\u015fa\u011f\u0131da belirtilen \u00fcr\u00fcn\u00fcn nitelikleri ve sat\u0131\u015f fiyat\u0131 hakk\u0131ndaki bilgilerin d\u00fczenlenmesi amac\u0131n\u0131 ta\u015f\u0131maktad\u0131r. Taraflar aras\u0131nda, 4077 say\u0131l\u0131 T\u00fcketicilerin Korunmas\u0131 Hakk\u0131ndaki Kanun ve Mesafeli S\u00f6zle\u015fmeleri Uygulama Esas ve Usulleri Hakk\u0131nda Y\u00f6netmelik h\u00fck\u00fcmlerine uygun olarak, hak ve y\u00fck\u00fcml\u00fcl\u00fcklerin belirlenmesine dairdir.<\/li><\/ol><ol class=\"wp-block-list\" start=\"3\"><li>Mal\/hizmet, al\u0131c\u0131n\u0131n belirtti\u011fi \u2026\u2026 adresinde ikamet eden \u2026\u2026 adl\u0131 ki\u015fi\/kurulu\u015fa teslim edilecektir.<\/li><\/ol><ol class=\"wp-block-list\" start=\"4\"><li>Al\u0131c\u0131, sat\u0131c\u0131 internet sitesinde yer alan s\u00f6zle\u015fme konusu \u00fcr\u00fcnlerin temel nitelikleri, sat\u0131\u015f fiyat\u0131, \u00f6deme \u015fekli ve teslimata ili\u015fkin \u00f6n bilgileri okuyup bilgi sahibi oldu\u011funu ve elektronik ortamda gerekli teyidi verdi\u011fini beyan eder.<\/li><\/ol><ol class=\"wp-block-list\" start=\"5\"><li>S\u00f6zle\u015fme konusu \u00fcr\u00fcn, yasal 30 g\u00fcnl\u00fck s\u00fcreyi a\u015fmamak ko\u015fuluyla, her bir \u00fcr\u00fcn i\u00e7in al\u0131c\u0131n\u0131n yerle\u015fim yerinin uzakl\u0131\u011f\u0131na ba\u011fl\u0131 olarak internet sitesinde a\u00e7\u0131klanan s\u00fcre i\u00e7inde al\u0131c\u0131 veya g\u00f6sterdi\u011fi adresteki ki\u015fi\/kurulu\u015fa teslim edilecektir.<\/li><\/ol><ol class=\"wp-block-list\" start=\"6\"><li>S\u00f6zle\u015fme konusu \u00fcr\u00fcn, al\u0131c\u0131dan ba\u015fka bir ki\u015fi\/kurulu\u015fa teslim edilecekse, teslim edilecek ki\u015fi\/kurulu\u015fun teslimat\u0131 kabul etmemesinden sat\u0131c\u0131 sorumlu tutulamaz.<\/li><\/ol><ol class=\"wp-block-list\" start=\"7\"><li>Sat\u0131c\u0131, s\u00f6zle\u015fme konusu \u00fcr\u00fcn\u00fcn sa\u011flam, eksiksiz, sipari\u015fte belirtilen niteliklere uygun ve varsa garanti belgeleri ve kullan\u0131m k\u0131lavuzlar\u0131 ile teslim edilmesinden sorumludur.<\/li><\/ol><ol class=\"wp-block-list\" start=\"8\"><li>S\u00f6zle\u015fme konusu \u00fcr\u00fcn\u00fcn teslimat\u0131 i\u00e7in \u00fcr\u00fcn bedelinin al\u0131c\u0131n\u0131n tercih etti\u011fi \u00f6deme \u015fekli ile \u00f6denmi\u015f olmas\u0131 \u015fartt\u0131r. Herhangi bir nedenle \u00fcr\u00fcn bedeli \u00f6denmez veya banka kay\u0131tlar\u0131nda iptal edilirse, sat\u0131c\u0131 \u00fcr\u00fcn\u00fcn teslimi y\u00fck\u00fcml\u00fcl\u00fc\u011f\u00fcnden kurtulmu\u015f kabul edilir.<\/li><\/ol><ol class=\"wp-block-list\" start=\"9\"><li>\u00dcr\u00fcn\u00fcn tesliminden sonra al\u0131c\u0131ya ait kredi kart\u0131n\u0131n al\u0131c\u0131n\u0131n kusurundan kaynaklanmayan bir \u015fekilde yetkisiz ki\u015filerce haks\u0131z veya hukuka ayk\u0131r\u0131 olarak kullan\u0131lmas\u0131 nedeniyle ilgili banka veya finans kurulu\u015funun \u00fcr\u00fcn bedelini sat\u0131c\u0131ya \u00f6dememesi durumunda, al\u0131c\u0131 \u00fcr\u00fcn\u00fc 3 g\u00fcn i\u00e7inde sat\u0131c\u0131ya g\u00f6ndermekle y\u00fck\u00fcml\u00fcd\u00fcr.<\/li><\/ol><ol class=\"wp-block-list\" start=\"10\"><li>Sat\u0131c\u0131 m\u00fccbir sebepler veya nakliyeyi engelleyen ola\u011fan\u00fcst\u00fc durumlar nedeniyle s\u00f6zle\u015fme konusu \u00fcr\u00fcn\u00fc s\u00fcresi i\u00e7inde teslim edemezse, durumu al\u0131c\u0131ya bildirmekle y\u00fck\u00fcml\u00fcd\u00fcr. Bu durumda al\u0131c\u0131 sipari\u015fi iptal etme, emsal \u00fcr\u00fcnle de\u011fi\u015ftirme veya teslimat s\u00fcresinin engelleyici durumun ortadan kalkmas\u0131na kadar erteleme haklar\u0131ndan birini kullanabilir. al\u0131c\u0131n\u0131n sipari\u015fi iptal etmesi halinde \u00f6dedi\u011fi tutar 10 g\u00fcn i\u00e7inde kendisine nakden ve defaten \u00f6denir.<\/li><\/ol><ol class=\"wp-block-list\" start=\"11\"><li>Garanti belgesi ile sat\u0131lan \u00fcr\u00fcnlerden olan veya olmayan \u00fcr\u00fcnlerin ar\u0131zal\u0131 veya bozuk olanlar\u0131, garanti \u015fartlar\u0131 i\u00e7inde gerekli onar\u0131m\u0131n yap\u0131lmas\u0131 i\u00e7in sat\u0131c\u0131ya g\u00f6nderilebilir, bu durumda kargo giderleri sat\u0131c\u0131 taraf\u0131ndan kar\u015f\u0131lanacakt\u0131r.<\/li><\/ol><ol class=\"wp-block-list\" start=\"12\"><li>Tipografik hatalar ve yanl\u0131\u015f fiyat giri\u015finden firmam\u0131z sorumlu tutulmaz.<\/li><\/ol><ol class=\"wp-block-list\" start=\"13\"><li>Al\u0131c\u0131, s\u00f6zle\u015fme kapsam\u0131ndaki \u00fcr\u00fcn\u00fcn teslimat\u0131ndan itibaren 7 g\u00fcn i\u00e7erisinde cayma hakk\u0131na sahiptir. Cayma hakk\u0131n\u0131n kullan\u0131labilmesi i\u00e7in belirtilen s\u00fcre i\u00e7inde sat\u0131c\u0131ya faks, e-posta veya telefon ile bildirimde bulunulmas\u0131, \u00fcr\u00fcn\u00fcn 6. madde h\u00fck\u00fcmleri \u00e7er\u00e7evesinde kullan\u0131lmam\u0131\u015f olmas\u0131 gerekmektedir. Cayma hakk\u0131n\u0131n kullan\u0131lmas\u0131 durumunda, \u00fcr\u00fcn\u00fcn 3. ki\u015fiye veya al\u0131c\u0131ya teslim edilmi\u015f olmas\u0131 durumunda, sat\u0131c\u0131ya g\u00f6nderilen \u00fcr\u00fcn ile ilgili kargo teslim tutana\u011f\u0131 \u00f6rne\u011fi ve fatura asl\u0131n\u0131n iadesi zorunludur. Bu belgelerin sat\u0131c\u0131ya ula\u015fmas\u0131n\u0131 takip eden 7 g\u00fcn i\u00e7inde \u00fcr\u00fcn bedeli al\u0131c\u0131ya iade edilir. Fatura asl\u0131 g\u00f6nderilmezse KDV ve di\u011fer yasal y\u00fck\u00fcml\u00fcl\u00fckler iade edilemez. Cayma hakk\u0131 nedeniyle iade edilen \u00fcr\u00fcn\u00fcn kargo bedeli al\u0131c\u0131 taraf\u0131ndan kar\u015f\u0131lan\u0131r.<\/li><\/ol><ol class=\"wp-block-list\" start=\"14\"><li>Cayma hakk\u0131, niteli\u011fi itibar\u0131yla iade edilemeyecek, tek kullan\u0131ml\u0131k, kopyalanabilir yaz\u0131l\u0131m ve programlar, h\u0131zl\u0131 bozulan veya son kullan\u0131m tarihi ge\u00e7mi\u015f \u00fcr\u00fcnler i\u00e7in ge\u00e7erli de\u011fildir. Ayr\u0131ca, a\u015fa\u011f\u0131da belirtilen \u00fcr\u00fcnlerde cayma hakk\u0131n\u0131n kullan\u0131labilmesi i\u00e7in, \u00fcr\u00fcn\u00fcn ambalaj\u0131n\u0131n a\u00e7\u0131lmam\u0131\u015f, bozulmam\u0131\u015f ve kullan\u0131lmam\u0131\u015f olmas\u0131 \u015fartt\u0131r:<\/li><\/ol><ul class=\"wp-block-list\"><li>Her t\u00fcrl\u00fc reklam ve promosyonel \u00fcr\u00fcnler<\/li><\/ul><ol class=\"wp-block-list\" start=\"16\"><li>Bu s\u00f6zle\u015fmenin uygulanmas\u0131nda, Sanayi ve Ticaret Bakanl\u0131\u011f\u0131 taraf\u0131ndan belirlenen de\u011fere kadar T\u00fcketici Hakem Heyetleri ile al\u0131c\u0131n\u0131n veya sat\u0131c\u0131n\u0131n yerle\u015fim yerindeki T\u00fcketici Mahkemeleri yetkilidir.<\/li><li>Sipari\u015fin ger\u00e7ekle\u015fmesi durumunda al\u0131c\u0131 i\u015fbu s\u00f6zle\u015fmenin t\u00fcm ko\u015fullar\u0131n\u0131 kabul etmi\u015f say\u0131l\u0131r.(\u2026..\/\u2026\u2026..\/\u2026\u2026)<\/li><\/ol>\t\t\t\t\t\t\t\t<\/div>\n\t\t\t\t<\/div>\n\t\t\t\t\t<\/div>\n\t\t\t\t<\/div>\n\t\t\t\t<\/div>\n\t\t","protected":false},"excerpt":{"rendered":"<p>Taraflar: -SATICI: Yasin Dincer &#8211; EkoReklam, SIRAKAPILAR MAH, PROF. DR. N.H. F\u0130\u015eEK SK., 3B MERKEZEFEND\u0130, DEN\u0130ZL\u0130 &#8211; 20040, 0 555 515 91 63, info@ekoreklam.com Bundan sonra SATICI olarak an\u0131lacakt\u0131r. -ALICI: \u0130sim-Soyisim, T.C Kimlik Numaras\u0131, Adres, Telefon, E-posta Bundan sonra ALICI olarak an\u0131lacakt\u0131r. \u0130\u015fbu anla\u015fman\u0131n esas\u0131n\u0131 olu\u015fturan, al\u0131c\u0131n\u0131n, sat\u0131c\u0131ya ait www.ekoreklam.com internet sitesinde ger\u00e7ekle\u015ftirdi\u011fi elektronik ortamda [&hellip;]<\/p>\n","protected":false},"author":1,"featured_media":0,"parent":0,"menu_order":0,"comment_status":"closed","ping_status":"closed","template":"","meta":{"om_disable_all_campaigns":false,"site-sidebar-layout":"no-sidebar","site-content-layout":"page-builder","ast-site-content-layout":"full-width-container","site-content-style":"default","site-sidebar-style":"default","ast-global-header-display":"","ast-banner-title-visibility":"","ast-main-header-display":"","ast-hfb-above-header-display":"","ast-hfb-below-header-display":"","ast-hfb-mobile-header-display":"","site-post-title":"","ast-breadcrumbs-content":"","ast-featured-img":"disabled","footer-sml-layout":"","theme-transparent-header-meta":"","adv-header-id-meta":"","stick-header-meta":"","header-above-stick-meta":"","header-main-stick-meta":"","header-below-stick-meta":"","astra-migrate-meta-layouts":"default","ast-page-background-enabled":"default","ast-page-background-meta":{"desktop":{"background-color":"","background-image":"","background-repeat":"repeat","background-position":"center center","background-size":"auto","background-attachment":"scroll","background-type":"","background-media":"","overlay-type":"","overlay-color":"","overlay-opacity":"","overlay-gradient":""},"tablet":{"background-color":"","background-image":"","background-repeat":"repeat","background-position":"center center","background-size":"auto","background-attachment":"scroll","background-type":"","background-media":"","overlay-type":"","overlay-color":"","overlay-opacity":"","overlay-gradient":""},"mobile":{"background-color":"","background-image":"","background-repeat":"repeat","background-position":"center center","background-size":"auto","background-attachment":"scroll","background-type":"","background-media":"","overlay-type":"","overlay-color":"","overlay-opacity":"","overlay-gradient":""}},"ast-content-background-meta":{"desktop":{"background-color":"var(--ast-global-color-5)","background-image":"","background-repeat":"repeat","background-position":"center center","background-size":"auto","background-attachment":"scroll","background-type":"","background-media":"","overlay-type":"","overlay-color":"","overlay-opacity":"","overlay-gradient":""},"tablet":{"background-color":"var(--ast-global-color-5)","background-image":"","background-repeat":"repeat","background-position":"center center","background-size":"auto","background-attachment":"scroll","background-type":"","background-media":"","overlay-type":"","overlay-color":"","overlay-opacity":"","overlay-gradient":""},"mobile":{"background-color":"var(--ast-global-color-5)","background-image":"","background-repeat":"repeat","background-position":"center center","background-size":"auto","background-attachment":"scroll","background-type":"","background-media":"","overlay-type":"","overlay-color":"","overlay-opacity":"","overlay-gradient":""}},"footnotes":""},"class_list":["post-8002","page","type-page","status-publish","hentry"],"_links":{"self":[{"href":"https:\/\/ekoreklam.com\/tr\/wp-json\/wp\/v2\/pages\/8002","targetHints":{"allow":["GET"]}}],"collection":[{"href":"https:\/\/ekoreklam.com\/tr\/wp-json\/wp\/v2\/pages"}],"about":[{"href":"https:\/\/ekoreklam.com\/tr\/wp-json\/wp\/v2\/types\/page"}],"author":[{"embeddable":true,"href":"https:\/\/ekoreklam.com\/tr\/wp-json\/wp\/v2\/users\/1"}],"replies":[{"embeddable":true,"href":"https:\/\/ekoreklam.com\/tr\/wp-json\/wp\/v2\/comments?post=8002"}],"version-history":[{"count":7,"href":"https:\/\/ekoreklam.com\/tr\/wp-json\/wp\/v2\/pages\/8002\/revisions"}],"predecessor-version":[{"id":8041,"href":"https:\/\/ekoreklam.com\/tr\/wp-json\/wp\/v2\/pages\/8002\/revisions\/8041"}],"wp:attachment":[{"href":"https:\/\/ekoreklam.com\/tr\/wp-json\/wp\/v2\/media?parent=8002"}],"curies":[{"name":"wp","href":"https:\/\/api.w.org\/{rel}","templated":true}]}}