{"id":7995,"date":"2025-12-09T07:18:58","date_gmt":"2025-12-09T07:18:58","guid":{"rendered":"https:\/\/ekoreklam.com\/elementor-7979\/"},"modified":"2025-12-09T08:18:24","modified_gmt":"2025-12-09T08:18:24","slug":"teslimat-ve-iade-sozlesmesi","status":"publish","type":"page","link":"https:\/\/ekoreklam.com\/tr\/teslimat-ve-iade-sozlesmesi\/","title":{"rendered":"TESL\u0130MAT VE \u0130ADE S\u00d6ZLE\u015eMES\u0130"},"content":{"rendered":"\t\t<div data-elementor-type=\"wp-page\" data-elementor-id=\"7995\" class=\"elementor elementor-7995 elementor-7979\">\n\t\t\t\t<div class=\"elementor-element elementor-element-2713740 e-flex e-con-boxed e-con e-parent\" data-id=\"2713740\" data-element_type=\"container\">\n\t\t\t\t\t<div class=\"e-con-inner\">\n\t\t\t\t<div class=\"elementor-element elementor-element-089440e elementor-widget elementor-widget-text-editor\" data-id=\"089440e\" data-element_type=\"widget\" data-widget_type=\"text-editor.default\">\n\t\t\t\t<div class=\"elementor-widget-container\">\n\t\t\t\t\t\t\t\t\t<p>MADDE 1- SATICI<br>\u00dcnvan\u0131: Yasin Dincer &#8211; Ekoreklam Bundan sonra SATICI<br>olarak ge\u00e7ecektir.<br>Adresi: SIRAKAPILAR MAH, PROF. DR. N.H. F\u0130\u015eEK SK., 3B MERKEZEFEND\u0130, DEN\u0130ZL\u0130 &#8211; 20040<br>Telefon: 0555 515 91 63<br>E-mail: info@ekoreklam.com<br>MADDE 2- KONU<br>\u0130\u015fbu s\u00f6zle\u015fmenin konusu, ALICI&#8217;n\u0131n SATICI&#8217;ya ait &#8220;www.ekoreklam.com&#8221;<br>internet sitesinden elektronik ortamda sipari\u015fini yapt\u0131\u011f\u0131 a\u015fa\u011f\u0131da nitelikleri ve sat\u0131\u015f<br>fiyat\u0131 belirtilen \u00fcr\u00fcn\u00fcn sat\u0131\u015f\u0131 ve teslimi ile ilgili olarak 4077 say\u0131l\u0131 T\u00fcketicilerin<br>Korunmas\u0131 Hakk\u0131ndaki Kanun ve Mesafeli S\u00f6zle\u015fmeleri Uygulama Esas ve Usulleri<br>Hakk\u0131nda Y\u00f6netmelik h\u00fck\u00fcmleri gere\u011fince taraflar\u0131n hak ve y\u00fck\u00fcml\u00fcl\u00fcklerinin<br>saptanmas\u0131d\u0131r.<br>MADDE 3- S\u00d6ZLE\u015eME KONUSU \u00dcR\u00dcN<br>\u00dcr\u00fcnlerin Cinsi ve t\u00fcr\u00fc, Miktar\u0131, Sat\u0131\u015f Bedeli web sitesinde belirtildi\u011fi gibidir.<br>MADDE 4- GENEL H\u00dcK\u00dcMLER<br>4.1- ALICI, SATICI&#8217;ya ait https:\/\/www.ekoreklam.com\/ internet sitesinde<br>s\u00f6zle\u015fme konusu \u00fcr\u00fcn\u00fcn\/lerin temel nitelikleri, sat\u0131\u015f fiyat\u0131 ve \u00f6deme \u015fekli ile teslimata<br>ili\u015fkin \u00f6n bilgileri okuyup bilgi sahibi oldu\u011funu ve elektronik ortamda gerekli teyidi<br>verdi\u011fini beyan eder.<br>4.2- S\u00f6zle\u015fme konusu \u00fcr\u00fcn, yasal 30 g\u00fcnl\u00fck s\u00fcreyi a\u015fmamak ko\u015fulu ile her bir \u00fcr\u00fcn<br>i\u00e7in ALICI&#8217; n\u0131n yerle\u015fim yerinin uzakl\u0131\u011f\u0131na ba\u011fl\u0131 olarak internet sitesinde \u00f6n bilgiler<br>i\u00e7inde a\u00e7\u0131klanan s\u00fcre i\u00e7inde ALICI veya g\u00f6sterdi\u011fi adresteki ki\u015fi\/kurulu\u015fa teslim edilir.<br>\u2022 4.3- S\u00f6zle\u015fme konusu \u00fcr\u00fcn, ALICI&#8217;dan ba\u015fka bir ki\u015fi\/kurulu\u015fa teslim edilecek ise,<br>teslim edilecek ki\u015fi\/kurulu\u015fun teslimat\u0131 kabul etmemesinden SATICI sorumlu<br>tutulamaz.<br>\u2022 4.4- SATICI, s\u00f6zle\u015fme konusu \u00fcr\u00fcn\u00fcn sa\u011flam, eksiksiz, sipari\u015fte belirtilen niteliklere<br>uygun ve varsa garanti belgeleri ve kullan\u0131m k\u0131lavuzlar\u0131 ile teslim edilmesinden<br>sorumludur.<br>\u2022 4.5- S\u00f6zle\u015fme konusu \u00fcr\u00fcn\u00fcn teslimat\u0131 i\u00e7in i\u015fbu s\u00f6zle\u015fmenin imzal\u0131 n\u00fcshas\u0131n\u0131n<br>SATICI&#8217;ya ula\u015ft\u0131r\u0131lm\u0131\u015f olmas\u0131 ve bedelinin ALICI&#8217;n\u0131n tercih etti\u011fi \u00f6deme \u015fekli ile<br>\u00f6denmi\u015f olmas\u0131 \u015fartt\u0131r. Herhangi bir nedenle \u00fcr\u00fcn bedeli \u00f6denmez veya banka<br>kay\u0131tlar\u0131nda iptal edilir ise, SATICI \u00fcr\u00fcn\u00fcn teslimi y\u00fck\u00fcml\u00fcl\u00fc\u011f\u00fcnden kurtulmu\u015f kabul<br>edilir.<br>4.6- \u00dcr\u00fcn\u00fcn tesliminden sonra ALICI&#8217;ye ait kredi kart\u0131n\u0131n ALICI&#8217;nin kusurundan<br>kaynaklanmayan bir \u015fekilde yetkisiz ki\u015filerce haks\u0131z veya hukuka ayk\u0131r\u0131 olarak<br>kullan\u0131lmas\u0131 nedeni ile ilgili banka veya finans kurulu\u015fun \u00fcr\u00fcn bedelini SATICI&#8217;ya<br>\u00f6dememesi halinde, ALICI&#8217;n\u0131n kendisine teslim edilmi\u015f olmas\u0131 kayd\u0131yla maddi \u00fcr\u00fcn\u00fcn<br>3 g\u00fcn i\u00e7inde SATICI &#8216;ya iade etmesi zorunludur. Bu takdirde maddi \u00fcr\u00fcnler i\u00e7in<br>nakliye giderleri ALICI&#8217;ye aittir.<br>4.7- SATICI m\u00fccbir sebepler veya nakliyeyi engelleyen hava muhalefeti, ula\u015f\u0131m\u0131n<br>kesilmesi gibi ola\u011fan\u00fcst\u00fc durumlar nedeni ile s\u00f6zle\u015fme konusu \u00fcr\u00fcn\u00fc s\u00fcresi i\u00e7inde<br>teslim edemez ise, durumu ALICI&#8217;ya bildirmekle y\u00fck\u00fcml\u00fcd\u00fcr. Bu takdirde ALICI<br>sipari\u015fin iptal edilmesini, s\u00f6zle\u015fme konusu \u00fcr\u00fcn\u00fcn varsa emsali ile de\u011fi\u015ftirilmesini,<br>ve\/veya teslimat s\u00fcresinin engelleyici durumun ortadan kalkmas\u0131na kadar<br>ertelenmesi haklar\u0131ndan birini kullanabilir. ALICI&#8217;n\u0131n sipari\u015fi iptal etmesi halinde<br>\u00f6dedi\u011fi tutar 15 g\u00fcn i\u00e7inde kendisine nakten ve defaten \u00f6denir.<br>4.8- 18 ya\u015f\u0131ndan k\u00fc\u00e7\u00fck ki\u015filer SATICI&#8217;dan al\u0131\u015fveri\u015f yapamaz.<br>4.9- Dizgi ve sistem hatalar\u0131ndan meydana gelen fiyat yanl\u0131\u015fl\u0131klar\u0131ndan SATICI<br>sorumlu de\u011fildir.<br>4.10- SATICI, internet sitesinden sat\u0131\u015f\u0131n\u0131 yapt\u0131\u011f\u0131 t\u00fcm \u00fcr\u00fcnlerin i\u00e7eri\u011fini, kapsam\u0131n\u0131 ve<br>\u00f6zelliklerini de\u011fi\u015ftirme ve iptal etme hakk\u0131na sahiptir.<br>4.11- Sipari\u015fin ger\u00e7ekle\u015fmesi durumunda ALICI i\u015fbu s\u00f6zle\u015fmenin t\u00fcm ko\u015fullar\u0131n\u0131<br>kabul etmi\u015f say\u0131l\u0131r.<br>MADDE 5- CAYMA HAKKI<br>ALICI, s\u00f6zle\u015fme konusu \u00fcr\u00fcn\u00fcn\/lerin kendisine veya g\u00f6sterdi\u011fi adresteki<br>ki\u015fi\/kurulu\u015fa tesliminden itibaren 7 g\u00fcn i\u00e7inde i\u015fbu s\u00f6zle\u015fmenin 6. Maddesinde<br>belirtilen kurallar dahilinde cayma hakk\u0131na sahiptir. Cayma hakk\u0131n\u0131n kullan\u0131lmas\u0131 i\u00e7in<br>bu s\u00fcre i\u00e7inde SATICI&#8217;ya faks, e-posta veya telefon ile bildirimde bulunulmas\u0131 ve<br>\u00fcr\u00fcn\u00fcn 6. madde h\u00fck\u00fcmleri \u00e7er\u00e7evesinde kullan\u0131lmam\u0131\u015f olmas\u0131 \u015fartt\u0131r. Bu hakk\u0131n<br>kullan\u0131lmas\u0131 halinde, 3. ki\u015fiye veya ALICI&#8217;ya teslim edilen \u00fcr\u00fcn\u00fcn SATICI&#8217;ya<br>g\u00f6nderildi\u011fine ili\u015fkin kargo teslim tutana\u011f\u0131 \u00f6rne\u011fi ile fatura asl\u0131n\u0131n iadesi zorunludur.<br>Bu belgelerin ula\u015fmas\u0131n\u0131 takip eden maddi \u00fcr\u00fcnler i\u00e7in 15 g\u00fcn i\u00e7inde \u00fcr\u00fcn bedeli<br>ALICI&#8217;ya iade edilir. Cayma hakk\u0131 nedeni ile iade edilen \u00fcr\u00fcn\u00fcn kargo bedeli ALICI<br>taraf\u0131ndan kar\u015f\u0131lan\u0131r. Fatura asl\u0131 ibraz edilmeden iade i\u015flemi ger\u00e7ekle\u015ftirilmez.<br>MADDE 6- YETK\u0130L\u0130 MAHKEME<br>\u0130\u015fbu s\u00f6zle\u015fmenin uygulanmas\u0131nda, Sanayi ve Ticaret Bakanl\u0131\u011f\u0131nca ilan edilen<br>de\u011fere kadar T\u00fcketici Hakem Heyetleri ile SATICI&#8217;n\u0131n yerle\u015fim yerindeki T\u00fcketici<br>Mahkemeleri yetkilidir.           <\/p>\t\t\t\t\t\t\t\t<\/div>\n\t\t\t\t<\/div>\n\t\t\t\t\t<\/div>\n\t\t\t\t<\/div>\n\t\t\t\t<\/div>\n\t\t","protected":false},"excerpt":{"rendered":"<p>MADDE 1- SATICI\u00dcnvan\u0131: Yasin Dincer &#8211; Ekoreklam Bundan sonra SATICIolarak ge\u00e7ecektir.Adresi: SIRAKAPILAR MAH, PROF. DR. N.H. F\u0130\u015eEK SK., 3B MERKEZEFEND\u0130, DEN\u0130ZL\u0130 &#8211; 20040Telefon: 0555 515 91 63E-mail: info@ekoreklam.comMADDE 2- KONU\u0130\u015fbu s\u00f6zle\u015fmenin konusu, ALICI&#8217;n\u0131n SATICI&#8217;ya ait &#8220;www.ekoreklam.com&#8221;internet sitesinden elektronik ortamda sipari\u015fini yapt\u0131\u011f\u0131 a\u015fa\u011f\u0131da nitelikleri ve sat\u0131\u015ffiyat\u0131 belirtilen \u00fcr\u00fcn\u00fcn sat\u0131\u015f\u0131 ve teslimi ile ilgili olarak 4077 say\u0131l\u0131 [&hellip;]<\/p>\n","protected":false},"author":1,"featured_media":0,"parent":0,"menu_order":0,"comment_status":"closed","ping_status":"closed","template":"","meta":{"om_disable_all_campaigns":false,"site-sidebar-layout":"no-sidebar","site-content-layout":"page-builder","ast-site-content-layout":"full-width-container","site-content-style":"default","site-sidebar-style":"default","ast-global-header-display":"","ast-banner-title-visibility":"","ast-main-header-display":"","ast-hfb-above-header-display":"","ast-hfb-below-header-display":"","ast-hfb-mobile-header-display":"","site-post-title":"","ast-breadcrumbs-content":"","ast-featured-img":"disabled","footer-sml-layout":"","theme-transparent-header-meta":"","adv-header-id-meta":"","stick-header-meta":"","header-above-stick-meta":"","header-main-stick-meta":"","header-below-stick-meta":"","astra-migrate-meta-layouts":"default","ast-page-background-enabled":"default","ast-page-background-meta":{"desktop":{"background-color":"","background-image":"","background-repeat":"repeat","background-position":"center center","background-size":"auto","background-attachment":"scroll","background-type":"","background-media":"","overlay-type":"","overlay-color":"","overlay-opacity":"","overlay-gradient":""},"tablet":{"background-color":"","background-image":"","background-repeat":"repeat","background-position":"center center","background-size":"auto","background-attachment":"scroll","background-type":"","background-media":"","overlay-type":"","overlay-color":"","overlay-opacity":"","overlay-gradient":""},"mobile":{"background-color":"","background-image":"","background-repeat":"repeat","background-position":"center center","background-size":"auto","background-attachment":"scroll","background-type":"","background-media":"","overlay-type":"","overlay-color":"","overlay-opacity":"","overlay-gradient":""}},"ast-content-background-meta":{"desktop":{"background-color":"var(--ast-global-color-5)","background-image":"","background-repeat":"repeat","background-position":"center center","background-size":"auto","background-attachment":"scroll","background-type":"","background-media":"","overlay-type":"","overlay-color":"","overlay-opacity":"","overlay-gradient":""},"tablet":{"background-color":"var(--ast-global-color-5)","background-image":"","background-repeat":"repeat","background-position":"center center","background-size":"auto","background-attachment":"scroll","background-type":"","background-media":"","overlay-type":"","overlay-color":"","overlay-opacity":"","overlay-gradient":""},"mobile":{"background-color":"var(--ast-global-color-5)","background-image":"","background-repeat":"repeat","background-position":"center center","background-size":"auto","background-attachment":"scroll","background-type":"","background-media":"","overlay-type":"","overlay-color":"","overlay-opacity":"","overlay-gradient":""}},"footnotes":""},"class_list":["post-7995","page","type-page","status-publish","hentry"],"_links":{"self":[{"href":"https:\/\/ekoreklam.com\/tr\/wp-json\/wp\/v2\/pages\/7995","targetHints":{"allow":["GET"]}}],"collection":[{"href":"https:\/\/ekoreklam.com\/tr\/wp-json\/wp\/v2\/pages"}],"about":[{"href":"https:\/\/ekoreklam.com\/tr\/wp-json\/wp\/v2\/types\/page"}],"author":[{"embeddable":true,"href":"https:\/\/ekoreklam.com\/tr\/wp-json\/wp\/v2\/users\/1"}],"replies":[{"embeddable":true,"href":"https:\/\/ekoreklam.com\/tr\/wp-json\/wp\/v2\/comments?post=7995"}],"version-history":[{"count":11,"href":"https:\/\/ekoreklam.com\/tr\/wp-json\/wp\/v2\/pages\/7995\/revisions"}],"predecessor-version":[{"id":8038,"href":"https:\/\/ekoreklam.com\/tr\/wp-json\/wp\/v2\/pages\/7995\/revisions\/8038"}],"wp:attachment":[{"href":"https:\/\/ekoreklam.com\/tr\/wp-json\/wp\/v2\/media?parent=7995"}],"curies":[{"name":"wp","href":"https:\/\/api.w.org\/{rel}","templated":true}]}}